{"id":4861,"date":"2023-05-15T08:34:14","date_gmt":"2023-05-15T06:34:14","guid":{"rendered":"http:\/\/pictureschool.fr\/?page_id=4861"},"modified":"2023-05-15T09:52:02","modified_gmt":"2023-05-15T07:52:02","slug":"politique-de-cookies","status":"publish","type":"page","link":"https:\/\/pictureschool.fr\/index.php\/politique-de-cookies\/","title":{"rendered":"Politique de cookies"},"content":{"rendered":"\t\t<div data-elementor-type=\"wp-page\" data-elementor-id=\"4861\" class=\"elementor elementor-4861\">\n\t\t\t\t\t\t\t\t\t<section class=\"elementor-section elementor-top-section elementor-element elementor-element-576ea03 elementor-section-boxed elementor-section-height-default elementor-section-height-default\" data-id=\"576ea03\" data-element_type=\"section\" id=\"conditions-main\">\n\t\t\t\t\t\t<div class=\"elementor-container elementor-column-gap-default\">\n\t\t\t\t\t<div class=\"elementor-column elementor-col-100 elementor-top-column elementor-element elementor-element-ce0af3e\" data-id=\"ce0af3e\" data-element_type=\"column\">\n\t\t\t<div class=\"elementor-widget-wrap elementor-element-populated\">\n\t\t\t\t\t\t\t\t<section class=\"elementor-section elementor-inner-section elementor-element elementor-element-db0ff7f elementor-section-boxed elementor-section-height-default elementor-section-height-default\" data-id=\"db0ff7f\" data-element_type=\"section\" id=\"conditions-inner-main\">\n\t\t\t\t\t\t<div class=\"elementor-container elementor-column-gap-default\">\n\t\t\t\t\t<div class=\"elementor-column elementor-col-100 elementor-inner-column elementor-element elementor-element-1ede1f5\" data-id=\"1ede1f5\" data-element_type=\"column\">\n\t\t\t<div class=\"elementor-widget-wrap elementor-element-populated\">\n\t\t\t\t\t\t\t\t<div class=\"elementor-element elementor-element-4846f2a elementor-widget elementor-widget-heading\" data-id=\"4846f2a\" data-element_type=\"widget\" data-widget_type=\"heading.default\">\n\t\t\t\t<div class=\"elementor-widget-container\">\n\t\t\t<style>\/*! elementor - v3.11.5 - 14-03-2023 *\/\n.elementor-heading-title{padding:0;margin:0;line-height:1}.elementor-widget-heading .elementor-heading-title[class*=elementor-size-]>a{color:inherit;font-size:inherit;line-height:inherit}.elementor-widget-heading .elementor-heading-title.elementor-size-small{font-size:15px}.elementor-widget-heading .elementor-heading-title.elementor-size-medium{font-size:19px}.elementor-widget-heading .elementor-heading-title.elementor-size-large{font-size:29px}.elementor-widget-heading .elementor-heading-title.elementor-size-xl{font-size:39px}.elementor-widget-heading .elementor-heading-title.elementor-size-xxl{font-size:59px}<\/style><h1 class=\"elementor-heading-title elementor-size-default\">POLITIQUE EN MATI\u00c8RE DE COOKIES<\/h1>\t\t<\/div>\n\t\t\t\t<\/div>\n\t\t\t\t<div class=\"elementor-element elementor-element-d7417a6 elementor-widget elementor-widget-text-editor\" data-id=\"d7417a6\" data-element_type=\"widget\" data-widget_type=\"text-editor.default\">\n\t\t\t\t<div class=\"elementor-widget-container\">\n\t\t\t<style>\/*! elementor - v3.11.5 - 14-03-2023 *\/\n.elementor-widget-text-editor.elementor-drop-cap-view-stacked .elementor-drop-cap{background-color:#818a91;color:#fff}.elementor-widget-text-editor.elementor-drop-cap-view-framed .elementor-drop-cap{color:#818a91;border:3px solid;background-color:transparent}.elementor-widget-text-editor:not(.elementor-drop-cap-view-default) .elementor-drop-cap{margin-top:8px}.elementor-widget-text-editor:not(.elementor-drop-cap-view-default) .elementor-drop-cap-letter{width:1em;height:1em}.elementor-widget-text-editor .elementor-drop-cap{float:left;text-align:center;line-height:1;font-size:50px}.elementor-widget-text-editor .elementor-drop-cap-letter{display:inline-block}<\/style>\t\t\t\t<div id=\"comp-l4mjzo88\" class=\"KcpHeO tz5f0K comp-l4mjzo88 wixui-rich-text\" data-testid=\"richTextElement\" data-angle=\"0\" data-angle-style-location=\"style\" data-screen-in-hide=\"done\"><div id=\"comp-l4mkv74l2\" class=\"KcpHeO tz5f0K comp-l4mkv74l2 wixui-rich-text\" data-testid=\"richTextElement\" data-angle=\"0\" data-angle-style-location=\"style\" data-screen-in-hide=\"done\"><div id=\"comp-l4ml3zue1\" class=\"KcpHeO tz5f0K comp-l4ml3zue1 wixui-rich-text\" data-testid=\"richTextElement\" data-angle=\"0\" data-angle-style-location=\"style\" data-screen-in-hide=\"done\"><h5 class=\"font_5 wixui-rich-text__text\">1. Qu&#8217;est-ce qu&#8217;un cookie ?<\/h5><p class=\"font_8 wixui-rich-text__text\"><span class=\"wixui-rich-text__text\">Un cookie est un petit fichier constitu\u00e9 de lettres et de chiffres, et t\u00e9l\u00e9charg\u00e9 sur votre ordinateur lorsque vous acc\u00e9dez \u00e0 certains sites Web. En g\u00e9n\u00e9ral, les cookies permettent \u00e0 un site Web de reconna\u00eetre l&#8217;ordinateur de l\u2019utilisateur.<\/span><\/p><p class=\"font_8 wixui-rich-text__text\"><span class=\"wixui-rich-text__text\">La chose la plus importante \u00e0 savoir sur les cookies que nous pla\u00e7ons est qu&#8217;ils servent \u00e0 am\u00e9liorer la convivialit\u00e9 de notre site web, par exemple en m\u00e9morisant les pr\u00e9f\u00e9rences du site et les param\u00e8tres linguistiques.<\/span><\/p><h5 class=\"font_5 wixui-rich-text__text\"><br class=\"wixui-rich-text__text\" \/>2. Pourquoi utilisons-nous des cookies ?<\/h5><p class=\"font_8 wixui-rich-text__text\"><br class=\"wixui-rich-text__text\" \/><span class=\"wixui-rich-text__text\">Nous pouvons utiliser des cookies et d&#8217;autres technologies similaires pour un certain nombre de raisons, par exemple : i) pour des besoins de s\u00e9curit\u00e9 ou de protection contre la fraude, et afin d&#8217;identifier et de pr\u00e9venir les cyber-attaques, ii) pour vous fournir le service que vous avez choisi de recevoir de notre part, iii) pour contr\u00f4ler et analyser les performances, le fonctionnement et l&#8217;efficacit\u00e9 de notre service et iv) am\u00e9liorer votre exp\u00e9rience utilisateur.<\/span><\/p><h5 class=\"font_5 wixui-rich-text__text\"><br class=\"wixui-rich-text__text\" \/>3. Tableau des cookies :\u00a0<\/h5><p class=\"font_8 wixui-rich-text__text\"><span class=\"wixui-rich-text__text\">Dans cette section, vous devez mentionner les cookies que vous utilisez sur votre site. Pour plus d&#8217;informations, <a class=\"wixui-rich-text__text\" href=\"https:\/\/support.wix.com\/fr\/article\/les-cookies-et-votre-site-wix\" target=\"_blank\" rel=\"noreferrer noopener\">cliquez ici<\/a>.<\/span><\/p><h5 class=\"font_5 wixui-rich-text__text\">4. Vos choix :<\/h5><p class=\"font_8 wixui-rich-text__text\"><span class=\"wixui-rich-text__text\">Pour en savoir plus sur les cookies, notamment sur la mani\u00e8re de voir quels cookies ont \u00e9t\u00e9 d\u00e9finis et de comprendre comment les g\u00e9rer, les supprimer ou les bloquer, visitez <a class=\"wixui-rich-text__text\" href=\"https:\/\/aboutcookies.org\/\" target=\"_blank\" rel=\"noopener\" data-auto-recognition=\"true\">https:\/\/aboutcookies.org\/<\/a> ou <a class=\"wixui-rich-text__text\" href=\"https:\/\/www.allaboutcookies.org\/fr\/\" target=\"_blank\" rel=\"noopener\" data-auto-recognition=\"true\">https:\/\/www.allaboutcookies.org\/fr\/.<\/a><\/span><\/p><p class=\"font_8 wixui-rich-text__text\"><span class=\"wixui-rich-text__text\">Il est \u00e9galement possible d&#8217;emp\u00eacher votre navigateur d&#8217;accepter les cookies en modifiant les param\u00e8tres concern\u00e9s dans votre navigateur. Vous pouvez g\u00e9n\u00e9ralement trouver ces param\u00e8tres dans le menu \u00ab Options \u00bb ou \u00ab Pr\u00e9f\u00e9rences \u00bb de votre navigateur.<\/span><\/p><p class=\"font_8 wixui-rich-text__text\"><span class=\"wixui-rich-text__text\">Veuillez noter que la suppression de nos cookies ou la d\u00e9sactivation de futurs cookies ou technologies de suivi pourront vous emp\u00eacher d&#8217;acc\u00e9der \u00e0 certaines zones ou fonctionnalit\u00e9s de nos services, ou pourront autrement affecter n\u00e9gativement votre exp\u00e9rience d&#8217;utilisateur.<\/span><\/p><p class=\"font_8 wixui-rich-text__text\"><span class=\"wixui-rich-text__text\">Les liens suivants peuvent \u00eatre utiles, ou vous pouvez utiliser l&#8217;option \u00ab Aide \u00bb de votre navigateur.<\/span><\/p><ul class=\"font_8 wixui-rich-text__text\"><li class=\"wixui-rich-text__text\"><p class=\"font_8 wixui-rich-text__text\"><span class=\"wixui-rich-text__text\"><a class=\"wixui-rich-text__text\" href=\"https:\/\/support.mozilla.org\/fr\/kb\/protection-renforcee-contre-pistage-firefox-ordinateur?redirectslug=Enabling+and+disabling+cookies&amp;redirectlocale=en-US\" target=\"_blank\" rel=\"noreferrer noopener\">Param\u00e8tres des cookies dans Firefox<\/a><\/span><\/p><\/li><li class=\"wixui-rich-text__text\"><p class=\"font_8 wixui-rich-text__text\"><span class=\"wixui-rich-text__text\"><a class=\"wixui-rich-text__text\" href=\"https:\/\/support.microsoft.com\/fr-fr\/topic\/supprimer-et-g%C3%A9rer-les-cookies-168dab11-0753-043d-7c16-ede5947fc64d\" target=\"_blank\" rel=\"noreferrer noopener\">Param\u00e8tres des cookies dans Internet Explorer<\/a><\/span><\/p><\/li><li class=\"wixui-rich-text__text\"><p class=\"font_8 wixui-rich-text__text\"><span class=\"wixui-rich-text__text\"><a class=\"wixui-rich-text__text\" href=\"https:\/\/support.google.com\/chrome\/answer\/95647?hl=fr\" target=\"_blank\" rel=\"noreferrer noopener\">Param\u00e8tres des cookies dans Google Chrome<\/a><\/span><\/p><\/li><li class=\"wixui-rich-text__text\"><p class=\"font_8 wixui-rich-text__text\"><span class=\"wixui-rich-text__text\"><a class=\"wixui-rich-text__text\" href=\"https:\/\/support.apple.com\/fr-fr\/guide\/safari\/sfri11471\/mac\" target=\"_blank\" rel=\"noreferrer noopener\">Param\u00e8tres des cookies dans Safari (OS X)<\/a><\/span><\/p><\/li><li class=\"wixui-rich-text__text\"><p class=\"font_8 wixui-rich-text__text\"><span class=\"wixui-rich-text__text\"><a class=\"wixui-rich-text__text\" href=\"https:\/\/support.apple.com\/fr-fr\/HT201265\" target=\"_blank\" rel=\"noreferrer noopener\">Param\u00e8tres des cookies dans Safari (iOS)<\/a><\/span><\/p><\/li><li class=\"wixui-rich-text__text\"><p class=\"font_8 wixui-rich-text__text\"><span class=\"wixui-rich-text__text\"><a class=\"wixui-rich-text__text\" href=\"https:\/\/support.google.com\/accounts\/answer\/32050?co=GENIE.Platform%3DAndroid&amp;hl=fr\" target=\"_blank\" rel=\"noreferrer noopener\">Param\u00e8tres des cookies dans Android<\/a><\/span><\/p><\/li><\/ul><p class=\"font_8 wixui-rich-text__text\"><span class=\"wixui-rich-text__text\">Pour refuser et emp\u00eacher que vos donn\u00e9es soient utilis\u00e9es par Google Analytics sur tous les sites Web, consultez les instructions suivantes :\u00a0<\/span><\/p><p class=\"font_8 wixui-rich-text__text\"><span class=\"wixui-rich-text__text\"><a class=\"wixui-rich-text__text\" href=\"https:\/\/tools.google.com\/dlpage\/gaoptout?hl=fr\" target=\"_blank\" rel=\"noopener\" data-auto-recognition=\"true\">https:\/\/tools.google.com\/dlpage\/gaoptout?hl=fr<\/a><\/span><\/p><p class=\"font_8 wixui-rich-text__text\"><span class=\"wixui-rich-text__text\">Il se peut que nous modifiions cette politique en mati\u00e8re de cookies. Nous vous encourageons \u00e0 consulter r\u00e9guli\u00e8rement cette page pour obtenir les derni\u00e8res informations sur les cookies.<\/span><\/p><\/div><\/div><\/div>\t\t\t\t\t\t<\/div>\n\t\t\t\t<\/div>\n\t\t\t\t\t<\/div>\n\t\t<\/div>\n\t\t\t\t\t\t\t<\/div>\n\t\t<\/section>\n\t\t\t\t\t<\/div>\n\t\t<\/div>\n\t\t\t\t\t\t\t<\/div>\n\t\t<\/section>\n\t\t\t\t\t\t\t<\/div>\n\t\t","protected":false},"excerpt":{"rendered":"<p>POLITIQUE EN MATI\u00c8RE DE COOKIES 1. Qu&#8217;est-ce qu&#8217;un cookie ? Un cookie est un petit fichier constitu\u00e9 de lettres et de chiffres, et t\u00e9l\u00e9charg\u00e9 sur votre ordinateur lorsque vous acc\u00e9dez [&hellip;]<\/p>\n","protected":false},"author":1,"featured_media":0,"parent":0,"menu_order":0,"comment_status":"closed","ping_status":"closed","template":"","meta":{"footnotes":""},"class_list":["post-4861","page","type-page","status-publish","hentry"],"_links":{"self":[{"href":"https:\/\/pictureschool.fr\/index.php\/wp-json\/wp\/v2\/pages\/4861","targetHints":{"allow":["GET"]}}],"collection":[{"href":"https:\/\/pictureschool.fr\/index.php\/wp-json\/wp\/v2\/pages"}],"about":[{"href":"https:\/\/pictureschool.fr\/index.php\/wp-json\/wp\/v2\/types\/page"}],"author":[{"embeddable":true,"href":"https:\/\/pictureschool.fr\/index.php\/wp-json\/wp\/v2\/users\/1"}],"replies":[{"embeddable":true,"href":"https:\/\/pictureschool.fr\/index.php\/wp-json\/wp\/v2\/comments?post=4861"}],"version-history":[{"count":10,"href":"https:\/\/pictureschool.fr\/index.php\/wp-json\/wp\/v2\/pages\/4861\/revisions"}],"predecessor-version":[{"id":4906,"href":"https:\/\/pictureschool.fr\/index.php\/wp-json\/wp\/v2\/pages\/4861\/revisions\/4906"}],"wp:attachment":[{"href":"https:\/\/pictureschool.fr\/index.php\/wp-json\/wp\/v2\/media?parent=4861"}],"curies":[{"name":"wp","href":"https:\/\/api.w.org\/{rel}","templated":true}]}}