{"id":4860,"date":"2023-05-15T08:33:13","date_gmt":"2023-05-15T06:33:13","guid":{"rendered":"http:\/\/pictureschool.fr\/?page_id=4860"},"modified":"2023-05-15T09:52:09","modified_gmt":"2023-05-15T07:52:09","slug":"mentions-legales","status":"publish","type":"page","link":"https:\/\/pictureschool.fr\/index.php\/mentions-legales\/","title":{"rendered":"Mentions l\u00e9gales"},"content":{"rendered":"\t\t<div data-elementor-type=\"wp-page\" data-elementor-id=\"4860\" class=\"elementor elementor-4860\">\n\t\t\t\t\t\t\t\t\t<section class=\"elementor-section elementor-top-section elementor-element elementor-element-f3adde7 elementor-section-boxed elementor-section-height-default elementor-section-height-default\" data-id=\"f3adde7\" data-element_type=\"section\" id=\"conditions-main\">\n\t\t\t\t\t\t<div class=\"elementor-container elementor-column-gap-default\">\n\t\t\t\t\t<div class=\"elementor-column elementor-col-100 elementor-top-column elementor-element elementor-element-43aacd4\" data-id=\"43aacd4\" data-element_type=\"column\">\n\t\t\t<div class=\"elementor-widget-wrap elementor-element-populated\">\n\t\t\t\t\t\t\t\t<section class=\"elementor-section elementor-inner-section elementor-element elementor-element-9e40f9f elementor-section-boxed elementor-section-height-default elementor-section-height-default\" data-id=\"9e40f9f\" data-element_type=\"section\" id=\"conditions-inner-main\">\n\t\t\t\t\t\t<div class=\"elementor-container elementor-column-gap-default\">\n\t\t\t\t\t<div class=\"elementor-column elementor-col-100 elementor-inner-column elementor-element elementor-element-b7c5337\" data-id=\"b7c5337\" data-element_type=\"column\">\n\t\t\t<div class=\"elementor-widget-wrap elementor-element-populated\">\n\t\t\t\t\t\t\t\t<div class=\"elementor-element elementor-element-1187aaa elementor-widget elementor-widget-heading\" data-id=\"1187aaa\" data-element_type=\"widget\" data-widget_type=\"heading.default\">\n\t\t\t\t<div class=\"elementor-widget-container\">\n\t\t\t<style>\/*! elementor - v3.11.5 - 14-03-2023 *\/\n.elementor-heading-title{padding:0;margin:0;line-height:1}.elementor-widget-heading .elementor-heading-title[class*=elementor-size-]>a{color:inherit;font-size:inherit;line-height:inherit}.elementor-widget-heading .elementor-heading-title.elementor-size-small{font-size:15px}.elementor-widget-heading .elementor-heading-title.elementor-size-medium{font-size:19px}.elementor-widget-heading .elementor-heading-title.elementor-size-large{font-size:29px}.elementor-widget-heading .elementor-heading-title.elementor-size-xl{font-size:39px}.elementor-widget-heading .elementor-heading-title.elementor-size-xxl{font-size:59px}<\/style><h1 class=\"elementor-heading-title elementor-size-default\">MENTIONS L\u00c9GALES<\/h1>\t\t<\/div>\n\t\t\t\t<\/div>\n\t\t\t\t<div class=\"elementor-element elementor-element-d55e3d6 elementor-widget elementor-widget-text-editor\" data-id=\"d55e3d6\" data-element_type=\"widget\" data-widget_type=\"text-editor.default\">\n\t\t\t\t<div class=\"elementor-widget-container\">\n\t\t\t<style>\/*! elementor - v3.11.5 - 14-03-2023 *\/\n.elementor-widget-text-editor.elementor-drop-cap-view-stacked .elementor-drop-cap{background-color:#818a91;color:#fff}.elementor-widget-text-editor.elementor-drop-cap-view-framed .elementor-drop-cap{color:#818a91;border:3px solid;background-color:transparent}.elementor-widget-text-editor:not(.elementor-drop-cap-view-default) .elementor-drop-cap{margin-top:8px}.elementor-widget-text-editor:not(.elementor-drop-cap-view-default) .elementor-drop-cap-letter{width:1em;height:1em}.elementor-widget-text-editor .elementor-drop-cap{float:left;text-align:center;line-height:1;font-size:50px}.elementor-widget-text-editor .elementor-drop-cap-letter{display:inline-block}<\/style>\t\t\t\t<div id=\"comp-l4mjzo88\" class=\"KcpHeO tz5f0K comp-l4mjzo88 wixui-rich-text\" data-testid=\"richTextElement\" data-angle=\"0\" data-angle-style-location=\"style\" data-screen-in-hide=\"done\"><div id=\"comp-l4mkv74l2\" class=\"KcpHeO tz5f0K comp-l4mkv74l2 wixui-rich-text\" data-testid=\"richTextElement\" data-angle=\"0\" data-angle-style-location=\"style\" data-screen-in-hide=\"done\"><div id=\"comp-l4ml1gsd1\" class=\"KcpHeO tz5f0K comp-l4ml1gsd1 wixui-rich-text\" data-testid=\"richTextElement\" data-angle=\"0\" data-angle-style-location=\"style\" data-screen-in-hide=\"done\"><p class=\"font_8 wixui-rich-text__text\"><span class=\"wixui-rich-text__text\">Impressum. Un impressum est l\u00e9galement requis dans certaines r\u00e9gions. Ce mod\u00e8le ne contient que des informations g\u00e9n\u00e9rales et des exemples de formulation, et il n&#8217;est pas pr\u00eat \u00e0 \u00eatre publi\u00e9. Les informations contenues dans l\u2019impressum varient en fonction de votre entreprise ou de votre type de site Web. Nous vous recommandons de demander un avis juridique pour vous aider \u00e0 comprendre et \u00e0 cr\u00e9er votre impressum.<\/span><\/p><p class=\"font_8 wixui-rich-text__text\"><span class=\"wixui-rich-text__text\">[Nom de l&#8217;entreprise]<\/span><\/p><ul class=\"font_8 wixui-rich-text__text\"><li class=\"wixui-rich-text__text\"><p class=\"font_8 wixui-rich-text__text\"><span class=\"wixui-rich-text__text\">D\u00e9nomination sociale ou raison sociale<\/span><\/p><\/li><li class=\"wixui-rich-text__text\"><p class=\"font_8 wixui-rich-text__text\"><span class=\"wixui-rich-text__text\">Adresse du si\u00e8ge social de l\u2019entreprise\u00a0<\/span><\/p><\/li><li class=\"wixui-rich-text__text\"><p class=\"font_8 wixui-rich-text__text\"><span class=\"wixui-rich-text__text\">Noms des dirigeants de l\u2019entreprise<\/span><\/p><\/li><li class=\"wixui-rich-text__text\"><p class=\"font_8 wixui-rich-text__text\"><span class=\"wixui-rich-text__text\">Num\u00e9ro de t\u00e9l\u00e9phone, num\u00e9ro de fax et adresse e-mail de l&#8217;entreprise<\/span><\/p><\/li><li class=\"wixui-rich-text__text\"><p class=\"font_8 wixui-rich-text__text\"><span class=\"wixui-rich-text__text\">Num\u00e9ro d\u2019enregistrement au registre du commerce et des soci\u00e9t\u00e9s,\u00a0 ou autre autorit\u00e9 applicable \u00e0 l&#8217;activit\u00e9\u00a0<\/span><\/p><\/li><li class=\"wixui-rich-text__text\"><p class=\"font_8 wixui-rich-text__text\"><span class=\"wixui-rich-text__text\">Num\u00e9ro d\u2019identification fiscale\u00a0<\/span><\/p><\/li><li class=\"wixui-rich-text__text\"><p class=\"font_8 wixui-rich-text__text\"><span class=\"wixui-rich-text__text\">Forme juridique de l\u2019entreprise\u00a0<\/span><\/p><\/li><li class=\"wixui-rich-text__text\"><p class=\"font_8 wixui-rich-text__text\"><span class=\"wixui-rich-text__text\">Montant du Capital Social\u00a0<\/span><\/p><\/li><li class=\"wixui-rich-text__text\"><p class=\"font_8 wixui-rich-text__text\"><span class=\"wixui-rich-text__text\">Si votre site Web propose des services dans le cadre d&#8217;une activit\u00e9 qui n\u00e9cessite l&#8217;approbation d&#8217;une autorit\u00e9 publique, les coordonn\u00e9es de l&#8217;autorit\u00e9 de contr\u00f4le doivent \u00eatre fournies\u00a0<\/span><\/p><\/li><li class=\"wixui-rich-text__text\"><p class=\"font_8 wixui-rich-text__text\"><span class=\"wixui-rich-text__text\">Nom, d\u00e9nomination ou raison sociale et adresse et num\u00e9ro de t\u00e9l\u00e9phone de l&#8217;h\u00e9bergeur de son site<\/span><\/p><\/li><li class=\"wixui-rich-text__text\"><p class=\"font_8 wixui-rich-text__text\"><span class=\"wixui-rich-text__text\">Mentions relatives \u00e0 l&#8217;utilisation de donn\u00e9es personnelles<\/span><\/p><\/li><li class=\"wixui-rich-text__text\"><p class=\"font_8 wixui-rich-text__text\"><span class=\"wixui-rich-text__text\">Mentions relatives \u00e0 l&#8217;utilisation de cookies<\/span><\/p><\/li><\/ul><p class=\"font_8 wixui-rich-text__text\"><span class=\"wixui-rich-text__text\">La Commission europ\u00e9enne fournit une plateforme de r\u00e8glement des litiges en ligne (OS). Cette plateforme est disponible \u00e0 l&#8217;adresse <a class=\"wixui-rich-text__text\" href=\"http:\/\/ec.europa.eu\/consumers\/odr\/.\" target=\"_blank\" rel=\"noopener\" data-auto-recognition=\"true\">http:\/\/ec.europa.eu\/consumers\/odr\/.<\/a> En tant que client, vous avez toujours la possibilit\u00e9 de contacter le conseil d&#8217;arbitrage de la Commission europ\u00e9enne. Nous ne sommes ni dispos\u00e9s \u00e0, ni oblig\u00e9s de, participer \u00e0 une proc\u00e9dure de r\u00e8glement des litiges devant un conseil d&#8217;arbitrage de la consommation.<\/span><\/p><p class=\"font_8 wixui-rich-text__text\"><span class=\"wixui-rich-text__text\">E-mail :<br class=\"wixui-rich-text__text\" \/>T\u00e9l. :<\/span><\/p><p class=\"font_8 wixui-rich-text__text\"><span class=\"wixui-rich-text__text\">Fax :<\/span><\/p><p class=\"font_8 wixui-rich-text__text\"><span class=\"wixui-rich-text__text\">Adresse :\u00a0<\/span><\/p><\/div><\/div><\/div>\t\t\t\t\t\t<\/div>\n\t\t\t\t<\/div>\n\t\t\t\t\t<\/div>\n\t\t<\/div>\n\t\t\t\t\t\t\t<\/div>\n\t\t<\/section>\n\t\t\t\t\t<\/div>\n\t\t<\/div>\n\t\t\t\t\t\t\t<\/div>\n\t\t<\/section>\n\t\t\t\t\t\t\t<\/div>\n\t\t","protected":false},"excerpt":{"rendered":"<p>MENTIONS L\u00c9GALES Impressum. Un impressum est l\u00e9galement requis dans certaines r\u00e9gions. Ce mod\u00e8le ne contient que des informations g\u00e9n\u00e9rales et des exemples de formulation, et il n&#8217;est pas pr\u00eat \u00e0 [&hellip;]<\/p>\n","protected":false},"author":1,"featured_media":0,"parent":0,"menu_order":0,"comment_status":"closed","ping_status":"closed","template":"","meta":{"footnotes":""},"class_list":["post-4860","page","type-page","status-publish","hentry"],"_links":{"self":[{"href":"https:\/\/pictureschool.fr\/index.php\/wp-json\/wp\/v2\/pages\/4860","targetHints":{"allow":["GET"]}}],"collection":[{"href":"https:\/\/pictureschool.fr\/index.php\/wp-json\/wp\/v2\/pages"}],"about":[{"href":"https:\/\/pictureschool.fr\/index.php\/wp-json\/wp\/v2\/types\/page"}],"author":[{"embeddable":true,"href":"https:\/\/pictureschool.fr\/index.php\/wp-json\/wp\/v2\/users\/1"}],"replies":[{"embeddable":true,"href":"https:\/\/pictureschool.fr\/index.php\/wp-json\/wp\/v2\/comments?post=4860"}],"version-history":[{"count":13,"href":"https:\/\/pictureschool.fr\/index.php\/wp-json\/wp\/v2\/pages\/4860\/revisions"}],"predecessor-version":[{"id":4909,"href":"https:\/\/pictureschool.fr\/index.php\/wp-json\/wp\/v2\/pages\/4860\/revisions\/4909"}],"wp:attachment":[{"href":"https:\/\/pictureschool.fr\/index.php\/wp-json\/wp\/v2\/media?parent=4860"}],"curies":[{"name":"wp","href":"https:\/\/api.w.org\/{rel}","templated":true}]}}