{"id":4837,"date":"2023-05-15T07:58:42","date_gmt":"2023-05-15T05:58:42","guid":{"rendered":"http:\/\/pictureschool.fr\/?page_id=4837"},"modified":"2023-05-15T10:16:26","modified_gmt":"2023-05-15T08:16:26","slug":"politique-de-confidentialite-2","status":"publish","type":"page","link":"https:\/\/pictureschool.fr\/index.php\/politique-de-confidentialite-2\/","title":{"rendered":"Politique de confidentialit\u00e9"},"content":{"rendered":"\t\t<div data-elementor-type=\"wp-page\" data-elementor-id=\"4837\" class=\"elementor elementor-4837\">\n\t\t\t\t\t\t\t\t\t<section class=\"elementor-section elementor-top-section elementor-element elementor-element-ab8c579 elementor-section-boxed elementor-section-height-default elementor-section-height-default\" data-id=\"ab8c579\" data-element_type=\"section\" id=\"conditions-main\">\n\t\t\t\t\t\t<div class=\"elementor-container elementor-column-gap-default\">\n\t\t\t\t\t<div class=\"elementor-column elementor-col-100 elementor-top-column elementor-element elementor-element-c857c9d\" data-id=\"c857c9d\" data-element_type=\"column\">\n\t\t\t<div class=\"elementor-widget-wrap elementor-element-populated\">\n\t\t\t\t\t\t\t\t<section class=\"elementor-section elementor-inner-section elementor-element elementor-element-e53312f elementor-section-boxed elementor-section-height-default elementor-section-height-default\" data-id=\"e53312f\" data-element_type=\"section\" id=\"conditions-inner-main\">\n\t\t\t\t\t\t<div class=\"elementor-container elementor-column-gap-default\">\n\t\t\t\t\t<div class=\"elementor-column elementor-col-100 elementor-inner-column elementor-element elementor-element-0a387b8\" data-id=\"0a387b8\" data-element_type=\"column\">\n\t\t\t<div class=\"elementor-widget-wrap elementor-element-populated\">\n\t\t\t\t\t\t\t\t<div class=\"elementor-element elementor-element-9bd52a3 elementor-widget elementor-widget-heading\" data-id=\"9bd52a3\" data-element_type=\"widget\" data-widget_type=\"heading.default\">\n\t\t\t\t<div class=\"elementor-widget-container\">\n\t\t\t<style>\/*! elementor - v3.11.5 - 14-03-2023 *\/\n.elementor-heading-title{padding:0;margin:0;line-height:1}.elementor-widget-heading .elementor-heading-title[class*=elementor-size-]>a{color:inherit;font-size:inherit;line-height:inherit}.elementor-widget-heading .elementor-heading-title.elementor-size-small{font-size:15px}.elementor-widget-heading .elementor-heading-title.elementor-size-medium{font-size:19px}.elementor-widget-heading .elementor-heading-title.elementor-size-large{font-size:29px}.elementor-widget-heading .elementor-heading-title.elementor-size-xl{font-size:39px}.elementor-widget-heading .elementor-heading-title.elementor-size-xxl{font-size:59px}<\/style><h1 class=\"elementor-heading-title elementor-size-default\">POLITIQUE DE CONFIDENTIALIT\u00c9<\/h1>\t\t<\/div>\n\t\t\t\t<\/div>\n\t\t\t\t<div class=\"elementor-element elementor-element-389f070 elementor-widget elementor-widget-text-editor\" data-id=\"389f070\" data-element_type=\"widget\" data-widget_type=\"text-editor.default\">\n\t\t\t\t<div class=\"elementor-widget-container\">\n\t\t\t<style>\/*! elementor - v3.11.5 - 14-03-2023 *\/\n.elementor-widget-text-editor.elementor-drop-cap-view-stacked .elementor-drop-cap{background-color:#818a91;color:#fff}.elementor-widget-text-editor.elementor-drop-cap-view-framed .elementor-drop-cap{color:#818a91;border:3px solid;background-color:transparent}.elementor-widget-text-editor:not(.elementor-drop-cap-view-default) .elementor-drop-cap{margin-top:8px}.elementor-widget-text-editor:not(.elementor-drop-cap-view-default) .elementor-drop-cap-letter{width:1em;height:1em}.elementor-widget-text-editor .elementor-drop-cap{float:left;text-align:center;line-height:1;font-size:50px}.elementor-widget-text-editor .elementor-drop-cap-letter{display:inline-block}<\/style>\t\t\t\t<div id=\"comp-l4mjzo88\" class=\"KcpHeO tz5f0K comp-l4mjzo88 wixui-rich-text\" data-testid=\"richTextElement\" data-angle=\"0\" data-angle-style-location=\"style\" data-screen-in-hide=\"done\"><div id=\"comp-l4mkv74l2\" class=\"KcpHeO tz5f0K comp-l4mkv74l2 wixui-rich-text\" data-testid=\"richTextElement\" data-angle=\"0\" data-angle-style-location=\"style\" data-screen-in-hide=\"done\"><p class=\"font_8 wixui-rich-text__text\"><span class=\"wixui-rich-text__text\">Ce mod\u00e8le est un exemple de texte et ne peut pas \u00eatre publi\u00e9. Les explications et les informations fournies ici ne sont que des explications, des informations et des exemples g\u00e9n\u00e9raux. Vous ne devez pas vous fier \u00e0 ce mod\u00e8le comme \u00e0 un conseil juridique ou \u00e0 des recommandations sur ce que vous devez faire. Nous vous recommandons de demander un avis juridique pour vous aider \u00e0 comprendre et \u00e0 \u00e9laborer votre politique de protection de confidentialit\u00e9.<\/span><\/p><p class=\"font_8 wixui-rich-text__text\"><span class=\"wixui-rich-text__text\">Une politique de confidentialit\u00e9 est une d\u00e9claration qui divulgue tout ou partie des fa\u00e7ons dont un site Web collecte, utilise, divulgue et g\u00e8re les donn\u00e9es de ses visiteurs et clients. Elle r\u00e9pond \u00e0 une obligation l\u00e9gale de prot\u00e9ger la vie priv\u00e9e d&#8217;un visiteur ou d&#8217;un client. Le lien vers votre politique de confidentialit\u00e9 doit appara\u00eetre sur toutes les pages de votre site.<\/span><\/p><p class=\"font_8 wixui-rich-text__text\"><span class=\"wixui-rich-text__text\">Voici quelques exemples de contenu que vous pouvez inclure dans votre politique de confidentialit\u00e9 :<\/span><\/p><ul class=\"font_8 wixui-rich-text__text\"><li class=\"wixui-rich-text__text\"><p class=\"font_8 wixui-rich-text__text\"><span class=\"wixui-rich-text__text\">Quelles informations vous recueillez<\/span><\/p><\/li><li class=\"wixui-rich-text__text\"><p class=\"font_8 wixui-rich-text__text\"><span class=\"wixui-rich-text__text\">Comment vous recueillez les informations<\/span><\/p><\/li><li class=\"wixui-rich-text__text\"><p class=\"font_8 wixui-rich-text__text\"><span class=\"wixui-rich-text__text\">Pourquoi vous recueillez les informations<\/span><\/p><\/li><li class=\"wixui-rich-text__text\"><p class=\"font_8 wixui-rich-text__text\"><span class=\"wixui-rich-text__text\">Avec qui vous partagez les informations<\/span><\/p><\/li><li class=\"wixui-rich-text__text\"><p class=\"font_8 wixui-rich-text__text\"><span class=\"wixui-rich-text__text\">O\u00f9 sont stock\u00e9es les informations<\/span><\/p><\/li><li class=\"wixui-rich-text__text\"><p class=\"font_8 wixui-rich-text__text\"><span class=\"wixui-rich-text__text\">Combien de temps vous conservez les informations<\/span><\/p><\/li><li class=\"wixui-rich-text__text\"><p class=\"font_8 wixui-rich-text__text\"><span class=\"wixui-rich-text__text\">Comment vous prot\u00e9gez les informations<\/span><\/p><\/li><li class=\"wixui-rich-text__text\"><p class=\"font_8 wixui-rich-text__text\"><span class=\"wixui-rich-text__text\">Les modifications ou mises \u00e0 jour de la Politique de confidentialit\u00e9.<\/span><\/p><\/li><\/ul><p class=\"font_8 wixui-rich-text__text\"><span class=\"wixui-rich-text__text\"><a class=\"wixui-rich-text__text\" href=\"https:\/\/support.wix.com\/fr\/article\/cr%C3%A9er-une-politique-de-confidentialit%C3%A9\" target=\"_blank\" rel=\"noreferrer noopener\">Cliquez ici<\/a> pour obtenir des informations plus d\u00e9taill\u00e9es sur la cr\u00e9ation de votre politique de confidentialit\u00e9.<\/span><\/p><\/div><\/div>\t\t\t\t\t\t<\/div>\n\t\t\t\t<\/div>\n\t\t\t\t\t<\/div>\n\t\t<\/div>\n\t\t\t\t\t\t\t<\/div>\n\t\t<\/section>\n\t\t\t\t\t<\/div>\n\t\t<\/div>\n\t\t\t\t\t\t\t<\/div>\n\t\t<\/section>\n\t\t\t\t\t\t\t<\/div>\n\t\t","protected":false},"excerpt":{"rendered":"<p>POLITIQUE DE CONFIDENTIALIT\u00c9 Ce mod\u00e8le est un exemple de texte et ne peut pas \u00eatre publi\u00e9. Les explications et les informations fournies ici ne sont que des explications, des informations [&hellip;]<\/p>\n","protected":false},"author":1,"featured_media":0,"parent":0,"menu_order":0,"comment_status":"closed","ping_status":"closed","template":"","meta":{"footnotes":""},"class_list":["post-4837","page","type-page","status-publish","hentry"],"_links":{"self":[{"href":"https:\/\/pictureschool.fr\/index.php\/wp-json\/wp\/v2\/pages\/4837","targetHints":{"allow":["GET"]}}],"collection":[{"href":"https:\/\/pictureschool.fr\/index.php\/wp-json\/wp\/v2\/pages"}],"about":[{"href":"https:\/\/pictureschool.fr\/index.php\/wp-json\/wp\/v2\/types\/page"}],"author":[{"embeddable":true,"href":"https:\/\/pictureschool.fr\/index.php\/wp-json\/wp\/v2\/users\/1"}],"replies":[{"embeddable":true,"href":"https:\/\/pictureschool.fr\/index.php\/wp-json\/wp\/v2\/comments?post=4837"}],"version-history":[{"count":10,"href":"https:\/\/pictureschool.fr\/index.php\/wp-json\/wp\/v2\/pages\/4837\/revisions"}],"predecessor-version":[{"id":4912,"href":"https:\/\/pictureschool.fr\/index.php\/wp-json\/wp\/v2\/pages\/4837\/revisions\/4912"}],"wp:attachment":[{"href":"https:\/\/pictureschool.fr\/index.php\/wp-json\/wp\/v2\/media?parent=4837"}],"curies":[{"name":"wp","href":"https:\/\/api.w.org\/{rel}","templated":true}]}}