{"id":4835,"date":"2023-05-15T07:54:40","date_gmt":"2023-05-15T05:54:40","guid":{"rendered":"http:\/\/pictureschool.fr\/?page_id=4835"},"modified":"2023-05-15T09:32:05","modified_gmt":"2023-05-15T07:32:05","slug":"termes-et-conditions","status":"publish","type":"page","link":"https:\/\/pictureschool.fr\/index.php\/termes-et-conditions\/","title":{"rendered":"Termes et conditions"},"content":{"rendered":"\t\t<div data-elementor-type=\"wp-page\" data-elementor-id=\"4835\" class=\"elementor elementor-4835\">\n\t\t\t\t\t\t\t\t\t<section class=\"elementor-section elementor-top-section elementor-element elementor-element-4cd310a elementor-section-boxed elementor-section-height-default elementor-section-height-default\" data-id=\"4cd310a\" data-element_type=\"section\" id=\"conditions-main\">\n\t\t\t\t\t\t<div class=\"elementor-container elementor-column-gap-default\">\n\t\t\t\t\t<div class=\"elementor-column elementor-col-100 elementor-top-column elementor-element elementor-element-bbb4bb2\" data-id=\"bbb4bb2\" data-element_type=\"column\">\n\t\t\t<div class=\"elementor-widget-wrap elementor-element-populated\">\n\t\t\t\t\t\t\t\t<section class=\"elementor-section elementor-inner-section elementor-element elementor-element-0933447 elementor-section-boxed elementor-section-height-default elementor-section-height-default\" data-id=\"0933447\" data-element_type=\"section\" id=\"conditions-inner-main\">\n\t\t\t\t\t\t<div class=\"elementor-container elementor-column-gap-default\">\n\t\t\t\t\t<div class=\"elementor-column elementor-col-100 elementor-inner-column elementor-element elementor-element-41d5e4f\" data-id=\"41d5e4f\" data-element_type=\"column\">\n\t\t\t<div class=\"elementor-widget-wrap elementor-element-populated\">\n\t\t\t\t\t\t\t\t<div class=\"elementor-element elementor-element-cec6579 elementor-widget elementor-widget-heading\" data-id=\"cec6579\" data-element_type=\"widget\" data-widget_type=\"heading.default\">\n\t\t\t\t<div class=\"elementor-widget-container\">\n\t\t\t<style>\/*! elementor - v3.11.5 - 14-03-2023 *\/\n.elementor-heading-title{padding:0;margin:0;line-height:1}.elementor-widget-heading .elementor-heading-title[class*=elementor-size-]>a{color:inherit;font-size:inherit;line-height:inherit}.elementor-widget-heading .elementor-heading-title.elementor-size-small{font-size:15px}.elementor-widget-heading .elementor-heading-title.elementor-size-medium{font-size:19px}.elementor-widget-heading .elementor-heading-title.elementor-size-large{font-size:29px}.elementor-widget-heading .elementor-heading-title.elementor-size-xl{font-size:39px}.elementor-widget-heading .elementor-heading-title.elementor-size-xxl{font-size:59px}<\/style><h1 class=\"elementor-heading-title elementor-size-default\">TERMES ET CONDITIONS<\/h1>\t\t<\/div>\n\t\t\t\t<\/div>\n\t\t\t\t<div class=\"elementor-element elementor-element-89b93ae elementor-widget elementor-widget-text-editor\" data-id=\"89b93ae\" data-element_type=\"widget\" data-widget_type=\"text-editor.default\">\n\t\t\t\t<div class=\"elementor-widget-container\">\n\t\t\t<style>\/*! elementor - v3.11.5 - 14-03-2023 *\/\n.elementor-widget-text-editor.elementor-drop-cap-view-stacked .elementor-drop-cap{background-color:#818a91;color:#fff}.elementor-widget-text-editor.elementor-drop-cap-view-framed .elementor-drop-cap{color:#818a91;border:3px solid;background-color:transparent}.elementor-widget-text-editor:not(.elementor-drop-cap-view-default) .elementor-drop-cap{margin-top:8px}.elementor-widget-text-editor:not(.elementor-drop-cap-view-default) .elementor-drop-cap-letter{width:1em;height:1em}.elementor-widget-text-editor .elementor-drop-cap{float:left;text-align:center;line-height:1;font-size:50px}.elementor-widget-text-editor .elementor-drop-cap-letter{display:inline-block}<\/style>\t\t\t\t<div id=\"comp-l4mjzo88\" class=\"KcpHeO tz5f0K comp-l4mjzo88 wixui-rich-text\" data-testid=\"richTextElement\" data-angle=\"0\" data-angle-style-location=\"style\" data-screen-in-hide=\"done\"><p class=\"font_8 wixui-rich-text__text\"><span class=\"wixui-rich-text__text\">Ce mod\u00e8le est un exemple de texte. Il n\u2019est pas complet et ne peut pas \u00eatre publi\u00e9. <\/span><span class=\"wixui-rich-text__text\">Les termes et conditions ont pour but de prot\u00e9ger les propri\u00e9taires de site. Ces derniers peuvent d\u00e9finir leurs propres conditions g\u00e9n\u00e9rales et r\u00e9pondre aux exigences qui s\u2019imposent \u00e0 eux en mati\u00e8re d\u2019informations. <\/span><\/p><p class=\"font_8 wixui-rich-text__text\"><span class=\"wixui-rich-text__text\">Dans le cas d\u2019une boutique en ligne, les informations obligatoires peuvent \u00eatre par exemple, l\u2019ajout de d\u00e9tails concernant les articles, les prix, les termes du contrat, la r\u00e9siliation et l\u2019annulation. Les termes et conditions doivent \u00e9galement contenir des titres et \u00eatre formul\u00e9s en fonction des besoins de votre propre entreprise.<\/span><\/p><p class=\"font_8 wixui-rich-text__text\"><span class=\"wixui-rich-text__text\">Afin de vous assurer que vous respectez pleinement vos obligations l\u00e9gales, nous vous conseillons vivement de demander conseil \u00e0 un professionnel afin de mieux comprendre quelles sont les exigences qui vous concernent sp\u00e9cifiquement. <\/span><\/p><p class=\"font_8 wixui-rich-text__text\"><span class=\"wixui-rich-text__text\"><a class=\"wixui-rich-text__text\" href=\"https:\/\/support.wix.com\/fr\/article\/cr%C3%A9er-des-termes-et-conditions-dutilisation\" target=\"_blank\" rel=\"noreferrer noopener\">Cliquez ici<\/a> pour obtenir des informations plus d\u00e9taill\u00e9es sur la cr\u00e9ation de vos termes et conditions.<\/span><\/p><\/div>\t\t\t\t\t\t<\/div>\n\t\t\t\t<\/div>\n\t\t\t\t\t<\/div>\n\t\t<\/div>\n\t\t\t\t\t\t\t<\/div>\n\t\t<\/section>\n\t\t\t\t\t<\/div>\n\t\t<\/div>\n\t\t\t\t\t\t\t<\/div>\n\t\t<\/section>\n\t\t\t\t\t\t\t<\/div>\n\t\t","protected":false},"excerpt":{"rendered":"<p>TERMES ET CONDITIONS Ce mod\u00e8le est un exemple de texte. Il n\u2019est pas complet et ne peut pas \u00eatre publi\u00e9. Les termes et conditions ont pour but de prot\u00e9ger les [&hellip;]<\/p>\n","protected":false},"author":1,"featured_media":0,"parent":0,"menu_order":0,"comment_status":"closed","ping_status":"closed","template":"","meta":{"footnotes":""},"class_list":["post-4835","page","type-page","status-publish","hentry"],"_links":{"self":[{"href":"https:\/\/pictureschool.fr\/index.php\/wp-json\/wp\/v2\/pages\/4835","targetHints":{"allow":["GET"]}}],"collection":[{"href":"https:\/\/pictureschool.fr\/index.php\/wp-json\/wp\/v2\/pages"}],"about":[{"href":"https:\/\/pictureschool.fr\/index.php\/wp-json\/wp\/v2\/types\/page"}],"author":[{"embeddable":true,"href":"https:\/\/pictureschool.fr\/index.php\/wp-json\/wp\/v2\/users\/1"}],"replies":[{"embeddable":true,"href":"https:\/\/pictureschool.fr\/index.php\/wp-json\/wp\/v2\/comments?post=4835"}],"version-history":[{"count":22,"href":"https:\/\/pictureschool.fr\/index.php\/wp-json\/wp\/v2\/pages\/4835\/revisions"}],"predecessor-version":[{"id":4892,"href":"https:\/\/pictureschool.fr\/index.php\/wp-json\/wp\/v2\/pages\/4835\/revisions\/4892"}],"wp:attachment":[{"href":"https:\/\/pictureschool.fr\/index.php\/wp-json\/wp\/v2\/media?parent=4835"}],"curies":[{"name":"wp","href":"https:\/\/api.w.org\/{rel}","templated":true}]}}